{"id":11275,"date":"2025-04-09T16:35:08","date_gmt":"2025-04-09T14:35:08","guid":{"rendered":"https:\/\/sholeolodges.com\/?page_id=11275"},"modified":"2025-06-20T17:26:17","modified_gmt":"2025-06-20T15:26:17","slug":"the-flow-doble-superior","status":"publish","type":"page","link":"https:\/\/sholeolodges.com\/es\/lodges\/los-gigantes\/habitaciones\/the-flow-doble-superior\/","title":{"rendered":"The Flow doble superior"},"content":{"rendered":"","protected":false},"excerpt":{"rendered":"","protected":false},"author":19,"featured_media":0,"parent":661,"menu_order":0,"comment_status":"closed","ping_status":"closed","template":"","meta":{"_acf_changed":false,"inline_featured_image":false,"footnotes":""},"class_list":["post-11275","page","type-page","status-publish","hentry"],"acf":[],"yoast_head":"<!-- This site is optimized with the Yoast SEO plugin v26.8 - https:\/\/yoast.com\/product\/yoast-seo-wordpress\/ -->\n<title>The Flow doble superior en Tenerife | Sholeo Lodges Los Gigantes<\/title>\n<meta name=\"description\" content=\"Disfruta de una estancia \u00fanica en Tenerife con una habitaci\u00f3n doble superior en Sholeo Lodges, en el coraz\u00f3n de Los Gigantes.\" \/>\n<meta name=\"robots\" content=\"index, follow, max-snippet:-1, max-image-preview:large, max-video-preview:-1\" \/>\n<link rel=\"canonical\" href=\"https:\/\/sholeolodges.com\/es\/lodges\/los-gigantes\/habitaciones\/the-flow-doble-superior\/\" \/>\n<meta property=\"og:locale\" content=\"es_ES\" \/>\n<meta property=\"og:type\" content=\"article\" \/>\n<meta property=\"og:title\" content=\"The Flow doble superior en Tenerife | Sholeo Lodges Los Gigantes\" \/>\n<meta property=\"og:description\" content=\"Disfruta de una estancia \u00fanica en Tenerife con una habitaci\u00f3n doble superior en Sholeo Lodges, en el coraz\u00f3n de Los Gigantes.\" \/>\n<meta property=\"og:url\" content=\"https:\/\/sholeolodges.com\/es\/lodges\/los-gigantes\/habitaciones\/the-flow-doble-superior\/\" \/>\n<meta property=\"og:site_name\" content=\"Sholeo Lodges\" \/>\n<meta property=\"article:modified_time\" content=\"2025-06-20T15:26:17+00:00\" \/>\n<meta name=\"twitter:card\" content=\"summary_large_image\" \/>\n<script type=\"application\/ld+json\" class=\"yoast-schema-graph\">{\"@context\":\"https:\/\/schema.org\",\"@graph\":[{\"@type\":\"WebPage\",\"@id\":\"https:\/\/sholeolodges.com\/es\/lodges\/los-gigantes\/habitaciones\/the-flow-doble-superior\/\",\"url\":\"https:\/\/sholeolodges.com\/es\/lodges\/los-gigantes\/habitaciones\/the-flow-doble-superior\/\",\"name\":\"The Flow doble superior en Tenerife | Sholeo Lodges Los Gigantes\",\"isPartOf\":{\"@id\":\"https:\/\/sholeolodges.com\/es\/#website\"},\"datePublished\":\"2025-04-09T14:35:08+00:00\",\"dateModified\":\"2025-06-20T15:26:17+00:00\",\"description\":\"Disfruta de una estancia \u00fanica en Tenerife con una habitaci\u00f3n doble superior en Sholeo Lodges, en el coraz\u00f3n de Los Gigantes.\",\"breadcrumb\":{\"@id\":\"https:\/\/sholeolodges.com\/es\/lodges\/los-gigantes\/habitaciones\/the-flow-doble-superior\/#breadcrumb\"},\"inLanguage\":\"es\",\"potentialAction\":[{\"@type\":\"ReadAction\",\"target\":[\"https:\/\/sholeolodges.com\/es\/lodges\/los-gigantes\/habitaciones\/the-flow-doble-superior\/\"]}]},{\"@type\":\"BreadcrumbList\",\"@id\":\"https:\/\/sholeolodges.com\/es\/lodges\/los-gigantes\/habitaciones\/the-flow-doble-superior\/#breadcrumb\",\"itemListElement\":[{\"@type\":\"ListItem\",\"position\":1,\"name\":\"Home\",\"item\":\"https:\/\/sholeolodges.com\/es\/\"},{\"@type\":\"ListItem\",\"position\":2,\"name\":\"Lodges\",\"item\":\"https:\/\/sholeolodges.com\/es\/lodges\/\"},{\"@type\":\"ListItem\",\"position\":3,\"name\":\"Los Gigantes\",\"item\":\"https:\/\/sholeolodges.com\/es\/lodges\/los-gigantes\/\"},{\"@type\":\"ListItem\",\"position\":4,\"name\":\"Habitaciones\",\"item\":\"https:\/\/sholeolodges.com\/es\/lodges\/los-gigantes\/habitaciones\/\"},{\"@type\":\"ListItem\",\"position\":5,\"name\":\"The Flow doble superior\"}]},{\"@type\":\"WebSite\",\"@id\":\"https:\/\/sholeolodges.com\/es\/#website\",\"url\":\"https:\/\/sholeolodges.com\/es\/\",\"name\":\"Sholeo Lodges\",\"description\":\"\",\"potentialAction\":[{\"@type\":\"SearchAction\",\"target\":{\"@type\":\"EntryPoint\",\"urlTemplate\":\"https:\/\/sholeolodges.com\/es\/?s={search_term_string}\"},\"query-input\":{\"@type\":\"PropertyValueSpecification\",\"valueRequired\":true,\"valueName\":\"search_term_string\"}}],\"inLanguage\":\"es\"}]}<\/script>\n<!-- \/ Yoast SEO plugin. -->","yoast_head_json":{"title":"The Flow doble superior en Tenerife | Sholeo Lodges Los Gigantes","description":"Disfruta de una estancia \u00fanica en Tenerife con una habitaci\u00f3n doble superior en Sholeo Lodges, en el coraz\u00f3n de Los Gigantes.","robots":{"index":"index","follow":"follow","max-snippet":"max-snippet:-1","max-image-preview":"max-image-preview:large","max-video-preview":"max-video-preview:-1"},"canonical":"https:\/\/sholeolodges.com\/es\/lodges\/los-gigantes\/habitaciones\/the-flow-doble-superior\/","og_locale":"es_ES","og_type":"article","og_title":"The Flow doble superior en Tenerife | Sholeo Lodges Los Gigantes","og_description":"Disfruta de una estancia \u00fanica en Tenerife con una habitaci\u00f3n doble superior en Sholeo Lodges, en el coraz\u00f3n de Los Gigantes.","og_url":"https:\/\/sholeolodges.com\/es\/lodges\/los-gigantes\/habitaciones\/the-flow-doble-superior\/","og_site_name":"Sholeo Lodges","article_modified_time":"2025-06-20T15:26:17+00:00","twitter_card":"summary_large_image","schema":{"@context":"https:\/\/schema.org","@graph":[{"@type":"WebPage","@id":"https:\/\/sholeolodges.com\/es\/lodges\/los-gigantes\/habitaciones\/the-flow-doble-superior\/","url":"https:\/\/sholeolodges.com\/es\/lodges\/los-gigantes\/habitaciones\/the-flow-doble-superior\/","name":"The Flow doble superior en Tenerife | Sholeo Lodges Los Gigantes","isPartOf":{"@id":"https:\/\/sholeolodges.com\/es\/#website"},"datePublished":"2025-04-09T14:35:08+00:00","dateModified":"2025-06-20T15:26:17+00:00","description":"Disfruta de una estancia \u00fanica en Tenerife con una habitaci\u00f3n doble superior en Sholeo Lodges, en el coraz\u00f3n de Los Gigantes.","breadcrumb":{"@id":"https:\/\/sholeolodges.com\/es\/lodges\/los-gigantes\/habitaciones\/the-flow-doble-superior\/#breadcrumb"},"inLanguage":"es","potentialAction":[{"@type":"ReadAction","target":["https:\/\/sholeolodges.com\/es\/lodges\/los-gigantes\/habitaciones\/the-flow-doble-superior\/"]}]},{"@type":"BreadcrumbList","@id":"https:\/\/sholeolodges.com\/es\/lodges\/los-gigantes\/habitaciones\/the-flow-doble-superior\/#breadcrumb","itemListElement":[{"@type":"ListItem","position":1,"name":"Home","item":"https:\/\/sholeolodges.com\/es\/"},{"@type":"ListItem","position":2,"name":"Lodges","item":"https:\/\/sholeolodges.com\/es\/lodges\/"},{"@type":"ListItem","position":3,"name":"Los Gigantes","item":"https:\/\/sholeolodges.com\/es\/lodges\/los-gigantes\/"},{"@type":"ListItem","position":4,"name":"Habitaciones","item":"https:\/\/sholeolodges.com\/es\/lodges\/los-gigantes\/habitaciones\/"},{"@type":"ListItem","position":5,"name":"The Flow doble superior"}]},{"@type":"WebSite","@id":"https:\/\/sholeolodges.com\/es\/#website","url":"https:\/\/sholeolodges.com\/es\/","name":"Sholeo Lodges","description":"","potentialAction":[{"@type":"SearchAction","target":{"@type":"EntryPoint","urlTemplate":"https:\/\/sholeolodges.com\/es\/?s={search_term_string}"},"query-input":{"@type":"PropertyValueSpecification","valueRequired":true,"valueName":"search_term_string"}}],"inLanguage":"es"}]}},"_links":{"self":[{"href":"https:\/\/sholeolodges.com\/es\/wp-json\/wp\/v2\/pages\/11275","targetHints":{"allow":["GET"]}}],"collection":[{"href":"https:\/\/sholeolodges.com\/es\/wp-json\/wp\/v2\/pages"}],"about":[{"href":"https:\/\/sholeolodges.com\/es\/wp-json\/wp\/v2\/types\/page"}],"author":[{"embeddable":true,"href":"https:\/\/sholeolodges.com\/es\/wp-json\/wp\/v2\/users\/19"}],"replies":[{"embeddable":true,"href":"https:\/\/sholeolodges.com\/es\/wp-json\/wp\/v2\/comments?post=11275"}],"version-history":[{"count":12,"href":"https:\/\/sholeolodges.com\/es\/wp-json\/wp\/v2\/pages\/11275\/revisions"}],"predecessor-version":[{"id":14096,"href":"https:\/\/sholeolodges.com\/es\/wp-json\/wp\/v2\/pages\/11275\/revisions\/14096"}],"up":[{"embeddable":true,"href":"https:\/\/sholeolodges.com\/es\/wp-json\/wp\/v2\/pages\/661"}],"wp:attachment":[{"href":"https:\/\/sholeolodges.com\/es\/wp-json\/wp\/v2\/media?parent=11275"}],"curies":[{"name":"wp","href":"https:\/\/api.w.org\/{rel}","templated":true}]}}